{"id":61,"date":"2025-09-29T10:18:16","date_gmt":"2025-09-29T10:18:16","guid":{"rendered":"https:\/\/skisolution360.com\/blog\/?page_id=61"},"modified":"2026-03-03T13:03:38","modified_gmt":"2026-03-03T13:03:38","slug":"61-2","status":"publish","type":"page","link":"https:\/\/skisolution360.com\/blog\/","title":{"rendered":"Blog"},"content":{"rendered":"<p>[et_pb_section fb_built=\u00bb1&#8243; admin_label=\u00bbHeader &#038; Blog\u00bb _builder_version=\u00bb4.20.0&#8243; _module_preset=\u00bbdefault\u00bb collapsed=\u00bbon\u00bb global_colors_info=\u00bb{}\u00bb][et_pb_row _builder_version=\u00bb4.27.6&#8243; _module_preset=\u00bbdefault\u00bb hover_enabled=\u00bb0&#8243; global_colors_info=\u00bb{}\u00bb sticky_enabled=\u00bb0&#8243;][et_pb_column type=\u00bb4_4&#8243; _builder_version=\u00bb4.20.0&#8243; _module_preset=\u00bbdefault\u00bb global_colors_info=\u00bb{}\u00bb][et_pb_text _builder_version=\u00bb4.20.0&#8243; _module_preset=\u00bbd1d27111-95c8-4b11-a704-02fa7f0bb2fd\u00bb text_orientation=\u00bbcenter\u00bb global_colors_info=\u00bb{}\u00bb]<\/p>\n<h1>Blog<\/h1>\n<p>[\/et_pb_text][et_pb_post_slider posts_number=\u00bb3&#8243; _builder_version=\u00bb4.27.6&#8243; _module_preset=\u00bbf051252a-ce85-4967-9815-6a4e0a53a923&#8243; hover_enabled=\u00bb0&#8243; locked=\u00bboff\u00bb global_colors_info=\u00bb{%22gcid-1b4a3854-7b44-49f6-922e-e1ac36476373%22:%91%22bg_overlay_color%22%93}\u00bb sticky_enabled=\u00bb0&#8243;][\/et_pb_post_slider][\/et_pb_column][\/et_pb_row][et_pb_row _builder_version=\u00bb4.27.4&#8243; _module_preset=\u00bbdefault\u00bb global_colors_info=\u00bb{}\u00bb][et_pb_column type=\u00bb4_4&#8243; _builder_version=\u00bb4.20.0&#8243; _module_preset=\u00bbdefault\u00bb global_colors_info=\u00bb{}\u00bb][et_pb_blog posts_number=\u00bb6&#8243; _builder_version=\u00bb4.27.4&#8243; _module_preset=\u00bba006dd9b-ed3e-48d4-b173-901d30427550&#8243; locked=\u00bboff\u00bb global_colors_info=\u00bb{%22gcid-86031d5b-0170-405c-b57e-166734aa8a67%22:%91%22read_more_text_color%22%93}\u00bb][\/et_pb_blog][\/et_pb_column][\/et_pb_row][\/et_pb_section][et_pb_section fb_built=\u00bb1&#8243; admin_label=\u00bbSubscribe\u00bb _builder_version=\u00bb4.20.0&#8243; _module_preset=\u00bbdefault\u00bb collapsed=\u00bbon\u00bb global_colors_info=\u00bb{}\u00bb][et_pb_row custom_padding_last_edited=\u00bbon|desktop\u00bb disabled_on=\u00bbon|on|on\u00bb _builder_version=\u00bb4.27.4&#8243; _module_preset=\u00bbdefault\u00bb background_color=\u00bbgcid-095f3017-670a-4d45-bbf8-520034f23a92&#8243; custom_padding=\u00bb60px|60px|60px|60px|true|true\u00bb custom_padding_tablet=\u00bb30px|30px|30px|30px|true|true\u00bb custom_padding_phone=\u00bb20px|20px|20px|20px|true|true\u00bb border_radii=\u00bbon|40px|40px|40px|40px\u00bb disabled=\u00bbon\u00bb global_colors_info=\u00bb{%22gcid-095f3017-670a-4d45-bbf8-520034f23a92%22:%91%22background_color%22%93}\u00bb][et_pb_column type=\u00bb4_4&#8243; _builder_version=\u00bb4.20.0&#8243; _module_preset=\u00bbdefault\u00bb global_colors_info=\u00bb{}\u00bb][et_pb_text _builder_version=\u00bb4.20.0&#8243; _module_preset=\u00bb9a442653-8e4a-4557-af72-6012ab611b27&#8243; text_orientation=\u00bbcenter\u00bb global_colors_info=\u00bb{}\u00bb]<\/p>\n<h2>Subscribe<\/h2>\n<p>[\/et_pb_text][et_pb_signup mailchimp_list=\u00bbundefined|elegantthemestest|1ea2bbd026&#8243; first_name_field=\u00bboff\u00bb last_name_field=\u00bboff\u00bb _builder_version=\u00bb4.20.0&#8243; _module_preset=\u00bbd1305355-731f-47c5-87a8-fd28f7709bd9&#8243; max_width=\u00bb700px\u00bb module_alignment=\u00bbcenter\u00bb locked=\u00bboff\u00bb global_colors_info=\u00bb{}\u00bb][\/et_pb_signup][\/et_pb_column][\/et_pb_row][\/et_pb_section][et_pb_section fb_built=\u00bb1&#8243; admin_label=\u00bbFooter\u00bb _builder_version=\u00bb4.27.6&#8243; _module_preset=\u00bbdefault\u00bb background_color=\u00bb#000000&#8243; use_background_color_gradient=\u00bbon\u00bb background_color_gradient_stops=\u00bb#000000 0%|rgba(0,0,0,0) 100%\u00bb background_color_gradient_overlays_image=\u00bbon\u00bb background_enable_image=\u00bboff\u00bb background_position=\u00bbtop_center\u00bb custom_padding=\u00bb||34px|||\u00bb saved_tabs=\u00bball\u00bb locked=\u00bboff\u00bb collapsed=\u00bbon\u00bb global_colors_info=\u00bb{}\u00bb][et_pb_row column_structure=\u00bb1_4,1_4,1_4,1_4&#8243; _builder_version=\u00bb4.27.6&#8243; _module_preset=\u00bbdefault\u00bb global_colors_info=\u00bb{}\u00bb][et_pb_column type=\u00bb1_4&#8243; _builder_version=\u00bb4.27.6&#8243; _module_preset=\u00bbdefault\u00bb global_colors_info=\u00bb{}\u00bb][et_pb_image src=\u00bbhttps:\/\/skisolution360.com\/blog\/wp-content\/uploads\/2026\/02\/bdr-group.png\u00bb title_text=\u00bbbdr-group\u00bb url=\u00bbhttps:\/\/bdr.group\u00bb url_new_window=\u00bbon\u00bb force_fullwidth=\u00bbon\u00bb _builder_version=\u00bb4.27.6&#8243; _module_preset=\u00bbdefault\u00bb custom_margin=\u00bb|0px||0px|false|true\u00bb global_colors_info=\u00bb{}\u00bb][\/et_pb_image][et_pb_text _builder_version=\u00bb4.27.6&#8243; _module_preset=\u00bb671876c8-00e2-4d7c-aeee-2271bbe42106&#8243; text_text_color=\u00bb#FFFFFF\u00bb text_font_size=\u00bb13px\u00bb link_text_color=\u00bbgcid-095f3017-670a-4d45-bbf8-520034f23a92&#8243; custom_margin=\u00bb-8px||3px|0px|false|false\u00bb global_colors_info=\u00bb{%22gcid-095f3017-670a-4d45-bbf8-520034f23a92%22:%91%22link_text_color%22%93}\u00bb]<\/p>\n<div data-lov-id=\"src\\\\components\\\\Footer.tsx:50:10\" data-lov-name=\"div\" data-component-path=\"src\\\\components\\\\Footer.tsx\" data-component-line=\"50\" data-component-file=\"Footer.tsx\" data-component-name=\"div\" data-component-content=\"%7B%7D\">\n<p data-lov-id=\"src\\\\components\\\\Footer.tsx:60:12\" data-lov-name=\"p\" data-component-path=\"src\\\\components\\\\Footer.tsx\" data-component-line=\"60\" data-component-file=\"Footer.tsx\" data-component-name=\"p\" data-component-content=\"%7B%22className%22%3A%22text-sm%20text-muted%2F70%20leading-relaxed%22%7D\" class=\"text-sm text-muted\/70 leading-relaxed\" style=\"text-align: left;\">Ski Solution 360 es un software impulsado por BDR Group, empresa especializada en ofrecer soluciones tecnol\u00f3gicas avanzadas para mejorar la eficiencia y productividad de tu negocio.<\/p>\n<\/div>\n<div data-lov-id=\"src\\\\components\\\\Footer.tsx:65:10\" data-lov-name=\"div\" data-component-path=\"src\\\\components\\\\Footer.tsx\" data-component-line=\"65\" data-component-file=\"Footer.tsx\" data-component-name=\"div\" data-component-content=\"%7B%22className%22%3A%22ml-16%22%7D\" class=\"ml-16\"><\/div>\n<p>[\/et_pb_text][\/et_pb_column][et_pb_column type=\u00bb1_4&#8243; _builder_version=\u00bb4.20.0&#8243; _module_preset=\u00bbdefault\u00bb global_colors_info=\u00bb{}\u00bb][et_pb_text _builder_version=\u00bb4.27.4&#8243; _module_preset=\u00bbdefault\u00bb text_font=\u00bb|700|||||||\u00bb text_text_color=\u00bb#FFFFFF\u00bb custom_margin=\u00bb||8px|||\u00bb global_colors_info=\u00bb{}\u00bb]<\/p>\n<p>Navegaci\u00f3n R\u00e1pida<\/p>\n<p>[\/et_pb_text][et_pb_text _builder_version=\u00bb4.27.5&#8243; _module_preset=\u00bbdefault\u00bb text_text_color=\u00bb#FFFFFF\u00bb header_text_color=\u00bb#FFFFFF\u00bb custom_margin=\u00bb||6px|||\u00bb link_option_url=\u00bbhttps:\/\/skisolution360.com\/es\u00bb global_colors_info=\u00bb{}\u00bb]<\/p>\n<p><span style=\"color: #ffffff;\"><a href=\"skisolution360.com\" title=\"Inicio\" style=\"color: #ffffff;\">Inicio<\/a><\/span><\/p>\n<p>[\/et_pb_text][et_pb_text _builder_version=\u00bb4.27.5&#8243; _module_preset=\u00bbdefault\u00bb text_text_color=\u00bb#FFFFFF\u00bb header_text_color=\u00bb#FFFFFF\u00bb custom_margin=\u00bb||6px|||\u00bb link_option_url=\u00bb#\u00bb global_colors_info=\u00bb{}\u00bb]<\/p>\n<p>Blog<\/p>\n<p>[\/et_pb_text][et_pb_text _builder_version=\u00bb4.27.5&#8243; _module_preset=\u00bbdefault\u00bb text_text_color=\u00bb#FFFFFF\u00bb header_text_color=\u00bb#FFFFFF\u00bb custom_margin=\u00bb||6px|||\u00bb link_option_url=\u00bbhttps:\/\/skisolution360.com\/es\/partners\u00bb global_colors_info=\u00bb{}\u00bb]<\/p>\n<p>Partners<\/p>\n<p>[\/et_pb_text][et_pb_text _builder_version=\u00bb4.27.5&#8243; _module_preset=\u00bbdefault\u00bb text_text_color=\u00bb#FFFFFF\u00bb header_text_color=\u00bb#FFFFFF\u00bb custom_margin=\u00bb||6px|||\u00bb link_option_url=\u00bbhttps:\/\/skisolution360.com\/es\/empresa\u00bb global_colors_info=\u00bb{}\u00bb]<\/p>\n<p>Compa\u00f1\u00eda<\/p>\n<p>[\/et_pb_text][\/et_pb_column][et_pb_column type=\u00bb1_4&#8243; _builder_version=\u00bb4.20.0&#8243; _module_preset=\u00bbdefault\u00bb global_colors_info=\u00bb{}\u00bb][et_pb_text _builder_version=\u00bb4.27.4&#8243; _module_preset=\u00bbdefault\u00bb text_font=\u00bb|700|||||||\u00bb text_text_color=\u00bb#FFFFFF\u00bb custom_margin=\u00bb||8px|||\u00bb global_colors_info=\u00bb{}\u00bb]<\/p>\n<p>Soluciones<\/p>\n<p>[\/et_pb_text][et_pb_text _builder_version=\u00bb4.27.5&#8243; _module_preset=\u00bbdefault\u00bb text_text_color=\u00bb#FFFFFF\u00bb header_text_color=\u00bb#FFFFFF\u00bb custom_margin=\u00bb||6px|||\u00bb link_option_url=\u00bbhttp:\/\/localhost:8082\/es\/ski-solution-360&#8243; global_colors_info=\u00bb{}\u00bb]<\/p>\n<p>Plataforma Core<\/p>\n<p>[\/et_pb_text][et_pb_text _builder_version=\u00bb4.27.5&#8243; _module_preset=\u00bbdefault\u00bb text_text_color=\u00bb#FFFFFF\u00bb header_text_color=\u00bb#FFFFFF\u00bb custom_margin=\u00bb||6px|||\u00bb link_option_url=\u00bbhttps:\/\/skisolution360.com\/es\/precio-dinamico-forfaits\u00bb global_colors_info=\u00bb{}\u00bb]<\/p>\n<p>Ticketing &amp; Dynamic Pricing<\/p>\n<p>[\/et_pb_text][et_pb_text _builder_version=\u00bb4.27.5&#8243; _module_preset=\u00bbdefault\u00bb text_text_color=\u00bb#FFFFFF\u00bb header_text_color=\u00bb#FFFFFF\u00bb custom_margin=\u00bb||6px|||\u00bb link_option_url=\u00bbhttps:\/\/skisolution360.com\/es\/software-escuela-esqui\u00bb global_colors_info=\u00bb{}\u00bb]<\/p>\n<p>Escuela &amp; Clases<\/p>\n<p>[\/et_pb_text][et_pb_text _builder_version=\u00bb4.27.5&#8243; _module_preset=\u00bbdefault\u00bb text_text_color=\u00bb#FFFFFF\u00bb header_text_color=\u00bb#FFFFFF\u00bb custom_margin=\u00bb||6px|||\u00bb link_option_url=\u00bbhttps:\/\/skisolution360.com\/es\/gestion-alquiler-equipo\u00bb global_colors_info=\u00bb{}\u00bb]<\/p>\n<p>Alquiler &amp; Inventario<\/p>\n<p>[\/et_pb_text][et_pb_text _builder_version=\u00bb4.27.5&#8243; _module_preset=\u00bbdefault\u00bb text_text_color=\u00bb#FFFFFF\u00bb header_text_color=\u00bb#FFFFFF\u00bb custom_margin=\u00bb||6px|||\u00bb link_option_url=\u00bbhttps:\/\/skisolution360.com\/es\/punto-venta-restauracion\u00bb global_colors_info=\u00bb{}\u00bb]<\/p>\n<p>F&amp;B &amp; Retail POS<\/p>\n<p>[\/et_pb_text][et_pb_text _builder_version=\u00bb4.27.5&#8243; _module_preset=\u00bbdefault\u00bb text_text_color=\u00bb#FFFFFF\u00bb header_text_color=\u00bb#FFFFFF\u00bb custom_margin=\u00bb||6px|||\u00bb link_option_url=\u00bbhttps:\/\/skisolution360.com\/es\/bi-crm-ski\u00bb global_colors_info=\u00bb{}\u00bb]<\/p>\n<p>BI &amp; CRM 360<\/p>\n<p>[\/et_pb_text][\/et_pb_column][et_pb_column type=\u00bb1_4&#8243; _builder_version=\u00bb4.20.0&#8243; _module_preset=\u00bbdefault\u00bb global_colors_info=\u00bb{}\u00bb][et_pb_text _builder_version=\u00bb4.27.5&#8243; _module_preset=\u00bbdefault\u00bb text_font=\u00bb|700|||||||\u00bb text_text_color=\u00bb#FFFFFF\u00bb custom_margin=\u00bb||8px|||\u00bb global_colors_info=\u00bb{}\u00bb]<\/p>\n<p>Para qui\u00e9n<\/p>\n<p>[\/et_pb_text][et_pb_text _builder_version=\u00bb4.27.5&#8243; _module_preset=\u00bbdefault\u00bb text_text_color=\u00bb#FFFFFF\u00bb header_text_color=\u00bb#FFFFFF\u00bb custom_margin=\u00bb||6px|||\u00bb link_option_url=\u00bbhttps:\/\/skisolution360.com\/es\/software-gestion-ski-resort\u00bb global_colors_info=\u00bb{}\u00bb]<\/p>\n<p>Grandes Resorts<\/p>\n<p>[\/et_pb_text][et_pb_text _builder_version=\u00bb4.27.5&#8243; _module_preset=\u00bbdefault\u00bb text_text_color=\u00bb#FFFFFF\u00bb header_text_color=\u00bb#FFFFFF\u00bb custom_margin=\u00bb||6px|||\u00bb link_option_url=\u00bbhttps:\/\/skisolution360.com\/es\/software-gestion-ski-resort-mediano\u00bb global_colors_info=\u00bb{}\u00bb]<\/p>\n<p>Resorts Medianos<\/p>\n<p>[\/et_pb_text][et_pb_text _builder_version=\u00bb4.27.5&#8243; _module_preset=\u00bbdefault\u00bb text_text_color=\u00bb#FFFFFF\u00bb header_text_color=\u00bb#FFFFFF\u00bb custom_margin=\u00bb||6px|||\u00bb link_option_url=\u00bbhttps:\/\/skisolution360.com\/es\/software-gestion-escuelas-esqui\u00bb global_colors_info=\u00bb{}\u00bb]<\/p>\n<p>Escuelas de Esqu\u00ed<\/p>\n<p>[\/et_pb_text][et_pb_text _builder_version=\u00bb4.27.5&#8243; _module_preset=\u00bbdefault\u00bb text_text_color=\u00bb#FFFFFF\u00bb header_text_color=\u00bb#FFFFFF\u00bb custom_margin=\u00bb||6px|||\u00bb link_option_url=\u00bbhttps:\/\/skisolution360.com\/es\/software-gestion-jardines-nieve\u00bb global_colors_info=\u00bb{}\u00bb]<\/p>\n<p>Jardines de Nieve<\/p>\n<p>[\/et_pb_text][et_pb_text _builder_version=\u00bb4.27.5&#8243; _module_preset=\u00bbdefault\u00bb text_text_color=\u00bb#FFFFFF\u00bb header_text_color=\u00bb#FFFFFF\u00bb custom_margin=\u00bb||6px|||\u00bb link_option_url=\u00bbhttps:\/\/skisolution360.com\/es\/software-gestion-bike-parks\u00bb global_colors_info=\u00bb{}\u00bb]<\/p>\n<p>Bike Parks<\/p>\n<p>[\/et_pb_text][et_pb_text _builder_version=\u00bb4.27.5&#8243; _module_preset=\u00bbdefault\u00bb text_text_color=\u00bb#FFFFFF\u00bb header_text_color=\u00bb#FFFFFF\u00bb custom_margin=\u00bb||6px|||\u00bb link_option_url=\u00bbhttps:\/\/skisolution360.com\/es\/software-gestion-escuela-aventura\u00bb global_colors_info=\u00bb{}\u00bb]<\/p>\n<p>Actividades Outdoor<\/p>\n<p>[\/et_pb_text][et_pb_text _builder_version=\u00bb4.27.5&#8243; _module_preset=\u00bbdefault\u00bb text_text_color=\u00bb#FFFFFF\u00bb header_text_color=\u00bb#FFFFFF\u00bb custom_margin=\u00bb||6px|||\u00bb link_option_url=\u00bbhttps:\/\/skisolution360.com\/es\/software-gestion-escuela-vela-buceo\u00bb global_colors_info=\u00bb{}\u00bb]<\/p>\n<p>Escuela de Vela y Buceo<\/p>\n<p>[\/et_pb_text][et_pb_text _builder_version=\u00bb4.27.5&#8243; _module_preset=\u00bbdefault\u00bb text_text_color=\u00bb#FFFFFF\u00bb header_text_color=\u00bb#FFFFFF\u00bb custom_margin=\u00bb||6px|||\u00bb link_option_url=\u00bbhttps:\/\/skisolution360.com\/es\/software-gestion-museo\u00bb global_colors_info=\u00bb{}\u00bb]<\/p>\n<p>Museos<\/p>\n<p>[\/et_pb_text][\/et_pb_column][\/et_pb_row][et_pb_row column_structure=\u00bb1_6,1_6,1_6,1_6,1_6,1_6&#8243; use_custom_gutter=\u00bbon\u00bb gutter_width=\u00bb2&#8243; disabled_on=\u00bbon|on|on\u00bb _builder_version=\u00bb4.27.5&#8243; _module_preset=\u00bbdefault\u00bb border_width_top=\u00bb2px\u00bb border_color_top=\u00bb#FFFFFF\u00bb disabled=\u00bbon\u00bb global_colors_info=\u00bb{}\u00bb][et_pb_column type=\u00bb1_6&#8243; _builder_version=\u00bb4.27.5&#8243; _module_preset=\u00bbdefault\u00bb global_colors_info=\u00bb{}\u00bb][et_pb_image src=\u00bbhttps:\/\/skisolution360.com\/blog\/wp-content\/uploads\/2025\/09\/ski-solution-logo-negativo-scaled.png\u00bb title_text=\u00bbski-solution-logo-negativo\u00bb _builder_version=\u00bb4.27.5&#8243; _module_preset=\u00bbdefault\u00bb global_colors_info=\u00bb{}\u00bb][\/et_pb_image][\/et_pb_column][et_pb_column type=\u00bb1_6&#8243; _builder_version=\u00bb4.27.5&#8243; _module_preset=\u00bbdefault\u00bb global_colors_info=\u00bb{}\u00bb][et_pb_text _builder_version=\u00bb4.27.5&#8243; _module_preset=\u00bbdefault\u00bb text_text_color=\u00bb#FFFFFF\u00bb global_colors_info=\u00bb{}\u00bb]<\/p>\n<p>Legal Notice<\/p>\n<p>[\/et_pb_text][\/et_pb_column][et_pb_column type=\u00bb1_6&#8243; _builder_version=\u00bb4.27.5&#8243; _module_preset=\u00bbdefault\u00bb global_colors_info=\u00bb{}\u00bb][et_pb_text _builder_version=\u00bb4.27.5&#8243; _module_preset=\u00bbdefault\u00bb text_text_color=\u00bb#FFFFFF\u00bb width=\u00bb170%\u00bb global_colors_info=\u00bb{}\u00bb]<\/p>\n<div data-lov-id=\"src\\components\\Footer.tsx:241:8\" data-lov-name=\"div\" data-component-path=\"src\\components\\Footer.tsx\" data-component-line=\"241\" data-component-file=\"Footer.tsx\" data-component-name=\"div\" data-component-content=\"%7B%22className%22%3A%22text-center%22%7D\" class=\"text-center\">\n<p data-lov-id=\"src\\components\\Footer.tsx:242:10\" data-lov-name=\"p\" data-component-path=\"src\\components\\Footer.tsx\" data-component-line=\"242\" data-component-file=\"Footer.tsx\" data-component-name=\"p\" data-component-content=\"%7B%22className%22%3A%22text-lg%20font-medium%22%7D\" class=\"text-lg font-medium\">Your resort, more profitable, more agile, better prepared for the future.<\/p>\n<\/div>\n<div data-lov-id=\"src\\components\\Footer.tsx:246:8\" data-lov-name=\"div\" data-component-path=\"src\\components\\Footer.tsx\" data-component-line=\"246\" data-component-file=\"Footer.tsx\" data-component-name=\"div\" data-component-content=\"%7B%22className%22%3A%22flex%20flex-col%20md%3Aflex-row%20items-center%20gap-4%22%7D\" class=\"flex flex-col md:flex-row items-center gap-4\">\n<div data-lov-id=\"src\\components\\Footer.tsx:247:10\" data-lov-name=\"div\" data-component-path=\"src\\components\\Footer.tsx\" data-component-line=\"247\" data-component-file=\"Footer.tsx\" data-component-name=\"div\" data-component-content=\"%7B%22className%22%3A%22flex%20space-x-6%20text-sm%22%7D\" class=\"flex space-x-6 text-sm\"><\/div>\n<\/div>\n<p>[\/et_pb_text][\/et_pb_column][et_pb_column type=\u00bb1_6&#8243; _builder_version=\u00bb4.27.5&#8243; _module_preset=\u00bbdefault\u00bb global_colors_info=\u00bb{}\u00bb][et_pb_text _builder_version=\u00bb4.27.5&#8243; _module_preset=\u00bbdefault\u00bb text_text_color=\u00bb#FFFFFF\u00bb global_colors_info=\u00bb{}\u00bb]<\/p>\n<p>Legal Notice<\/p>\n<p>[\/et_pb_text][\/et_pb_column][et_pb_column type=\u00bb1_6&#8243; _builder_version=\u00bb4.27.5&#8243; _module_preset=\u00bbdefault\u00bb global_colors_info=\u00bb{}\u00bb][et_pb_text _builder_version=\u00bb4.27.5&#8243; _module_preset=\u00bbdefault\u00bb text_text_color=\u00bb#FFFFFF\u00bb global_colors_info=\u00bb{}\u00bb]<\/p>\n<p>Legal Notice<\/p>\n<p>[\/et_pb_text][\/et_pb_column][et_pb_column type=\u00bb1_6&#8243; _builder_version=\u00bb4.27.5&#8243; _module_preset=\u00bbdefault\u00bb global_colors_info=\u00bb{}\u00bb][et_pb_text _builder_version=\u00bb4.27.5&#8243; _module_preset=\u00bbdefault\u00bb text_text_color=\u00bb#FFFFFF\u00bb global_colors_info=\u00bb{}\u00bb]<\/p>\n<p>Legal Notice<\/p>\n<p>[\/et_pb_text][\/et_pb_column][\/et_pb_row][\/et_pb_section]<\/p>\n","protected":false},"excerpt":{"rendered":"<p>BlogSubscribe Ski Solution 360 es un software impulsado por BDR Group, empresa especializada en ofrecer soluciones tecnol\u00f3gicas avanzadas para mejorar la eficiencia y productividad de tu negocio. Navegaci\u00f3n R\u00e1pidaInicioBlogPartnersCompa\u00f1\u00edaSolucionesPlataforma CoreTicketing &amp; Dynamic PricingEscuela &amp; ClasesAlquiler &amp; InventarioF&amp;B &amp; Retail POSBI &amp; CRM 360Para qui\u00e9nGrandes ResortsResorts MedianosEscuelas de Esqu\u00edJardines de NieveBike ParksActividades OutdoorEscuela de Vela y [&hellip;]<\/p>\n","protected":false},"author":1,"featured_media":0,"parent":0,"menu_order":0,"comment_status":"closed","ping_status":"closed","template":"","meta":{"_et_pb_use_builder":"on","_et_pb_old_content":"","_et_gb_content_width":"","footnotes":""},"class_list":["post-61","page","type-page","status-publish","hentry"],"yoast_head":"<!-- This site is optimized with the Yoast SEO plugin v27.5 - https:\/\/yoast.com\/product\/yoast-seo-wordpress\/ -->\n<title>Blog - Ski Solution 360 - Blog<\/title>\n<meta name=\"robots\" content=\"index, follow, max-snippet:-1, max-image-preview:large, max-video-preview:-1\" \/>\n<link rel=\"canonical\" href=\"https:\/\/skisolution360.com\/blog\/\" \/>\n<meta property=\"og:locale\" content=\"es_ES\" \/>\n<meta property=\"og:type\" content=\"article\" \/>\n<meta property=\"og:title\" content=\"Blog - Ski Solution 360 - Blog\" \/>\n<meta property=\"og:description\" content=\"BlogSubscribe Ski Solution 360 es un software impulsado por BDR Group, empresa especializada en ofrecer soluciones tecnol\u00f3gicas avanzadas para mejorar la eficiencia y productividad de tu negocio. Navegaci\u00f3n R\u00e1pidaInicioBlogPartnersCompa\u00f1\u00edaSolucionesPlataforma CoreTicketing &amp; Dynamic PricingEscuela &amp; ClasesAlquiler &amp; InventarioF&amp;B &amp; Retail POSBI &amp; CRM 360Para qui\u00e9nGrandes ResortsResorts MedianosEscuelas de Esqu\u00edJardines de NieveBike ParksActividades OutdoorEscuela de Vela y [&hellip;]\" \/>\n<meta property=\"og:url\" content=\"https:\/\/skisolution360.com\/blog\/\" \/>\n<meta property=\"og:site_name\" content=\"Ski Solution 360 - Blog\" \/>\n<meta property=\"article:modified_time\" content=\"2026-03-03T13:03:38+00:00\" \/>\n<meta name=\"twitter:card\" content=\"summary_large_image\" \/>\n<meta name=\"twitter:label1\" content=\"Tiempo de lectura\" \/>\n\t<meta name=\"twitter:data1\" content=\"3 minutos\" \/>\n<script type=\"application\/ld+json\" class=\"yoast-schema-graph\">{\"@context\":\"https:\\\/\\\/schema.org\",\"@graph\":[{\"@type\":\"WebPage\",\"@id\":\"https:\\\/\\\/skisolution360.com\\\/blog\\\/\",\"url\":\"https:\\\/\\\/skisolution360.com\\\/blog\\\/\",\"name\":\"Blog - Ski Solution 360 - Blog\",\"isPartOf\":{\"@id\":\"https:\\\/\\\/skisolution360.com\\\/blog\\\/#website\"},\"datePublished\":\"2025-09-29T10:18:16+00:00\",\"dateModified\":\"2026-03-03T13:03:38+00:00\",\"breadcrumb\":{\"@id\":\"https:\\\/\\\/skisolution360.com\\\/blog\\\/#breadcrumb\"},\"inLanguage\":\"es\",\"potentialAction\":[{\"@type\":\"ReadAction\",\"target\":[\"https:\\\/\\\/skisolution360.com\\\/blog\\\/\"]}]},{\"@type\":\"BreadcrumbList\",\"@id\":\"https:\\\/\\\/skisolution360.com\\\/blog\\\/#breadcrumb\",\"itemListElement\":[{\"@type\":\"ListItem\",\"position\":1,\"name\":\"Portada\",\"item\":\"https:\\\/\\\/skisolution360.com\\\/blog\\\/\"},{\"@type\":\"ListItem\",\"position\":2,\"name\":\"Blog\"}]},{\"@type\":\"WebSite\",\"@id\":\"https:\\\/\\\/skisolution360.com\\\/blog\\\/#website\",\"url\":\"https:\\\/\\\/skisolution360.com\\\/blog\\\/\",\"name\":\"Ski Solution 360 - Blog\",\"description\":\"Software todo en uno para tu estaci\u00f3n de esqu\u00ed\",\"publisher\":{\"@id\":\"https:\\\/\\\/skisolution360.com\\\/blog\\\/#organization\"},\"alternateName\":\"Ski Solution 360\",\"potentialAction\":[{\"@type\":\"SearchAction\",\"target\":{\"@type\":\"EntryPoint\",\"urlTemplate\":\"https:\\\/\\\/skisolution360.com\\\/blog\\\/?s={search_term_string}\"},\"query-input\":{\"@type\":\"PropertyValueSpecification\",\"valueRequired\":true,\"valueName\":\"search_term_string\"}}],\"inLanguage\":\"es\"},{\"@type\":\"Organization\",\"@id\":\"https:\\\/\\\/skisolution360.com\\\/blog\\\/#organization\",\"name\":\"Ski Solution 360 - Blog\",\"url\":\"https:\\\/\\\/skisolution360.com\\\/blog\\\/\",\"logo\":{\"@type\":\"ImageObject\",\"inLanguage\":\"es\",\"@id\":\"https:\\\/\\\/skisolution360.com\\\/blog\\\/#\\\/schema\\\/logo\\\/image\\\/\",\"url\":\"https:\\\/\\\/skisolution360.com\\\/blog\\\/wp-content\\\/uploads\\\/2025\\\/09\\\/LOGOTIPO_SKI_SOLUTION360_CORPORATIVO_POSITIVO-scaled.png\",\"contentUrl\":\"https:\\\/\\\/skisolution360.com\\\/blog\\\/wp-content\\\/uploads\\\/2025\\\/09\\\/LOGOTIPO_SKI_SOLUTION360_CORPORATIVO_POSITIVO-scaled.png\",\"width\":2560,\"height\":540,\"caption\":\"Ski Solution 360 - Blog\"},\"image\":{\"@id\":\"https:\\\/\\\/skisolution360.com\\\/blog\\\/#\\\/schema\\\/logo\\\/image\\\/\"}}]}<\/script>\n<!-- \/ Yoast SEO plugin. -->","yoast_head_json":{"title":"Blog - Ski Solution 360 - Blog","robots":{"index":"index","follow":"follow","max-snippet":"max-snippet:-1","max-image-preview":"max-image-preview:large","max-video-preview":"max-video-preview:-1"},"canonical":"https:\/\/skisolution360.com\/blog\/","og_locale":"es_ES","og_type":"article","og_title":"Blog - Ski Solution 360 - Blog","og_description":"BlogSubscribe Ski Solution 360 es un software impulsado por BDR Group, empresa especializada en ofrecer soluciones tecnol\u00f3gicas avanzadas para mejorar la eficiencia y productividad de tu negocio. Navegaci\u00f3n R\u00e1pidaInicioBlogPartnersCompa\u00f1\u00edaSolucionesPlataforma CoreTicketing &amp; Dynamic PricingEscuela &amp; ClasesAlquiler &amp; InventarioF&amp;B &amp; Retail POSBI &amp; CRM 360Para qui\u00e9nGrandes ResortsResorts MedianosEscuelas de Esqu\u00edJardines de NieveBike ParksActividades OutdoorEscuela de Vela y [&hellip;]","og_url":"https:\/\/skisolution360.com\/blog\/","og_site_name":"Ski Solution 360 - Blog","article_modified_time":"2026-03-03T13:03:38+00:00","twitter_card":"summary_large_image","twitter_misc":{"Tiempo de lectura":"3 minutos"},"schema":{"@context":"https:\/\/schema.org","@graph":[{"@type":"WebPage","@id":"https:\/\/skisolution360.com\/blog\/","url":"https:\/\/skisolution360.com\/blog\/","name":"Blog - Ski Solution 360 - Blog","isPartOf":{"@id":"https:\/\/skisolution360.com\/blog\/#website"},"datePublished":"2025-09-29T10:18:16+00:00","dateModified":"2026-03-03T13:03:38+00:00","breadcrumb":{"@id":"https:\/\/skisolution360.com\/blog\/#breadcrumb"},"inLanguage":"es","potentialAction":[{"@type":"ReadAction","target":["https:\/\/skisolution360.com\/blog\/"]}]},{"@type":"BreadcrumbList","@id":"https:\/\/skisolution360.com\/blog\/#breadcrumb","itemListElement":[{"@type":"ListItem","position":1,"name":"Portada","item":"https:\/\/skisolution360.com\/blog\/"},{"@type":"ListItem","position":2,"name":"Blog"}]},{"@type":"WebSite","@id":"https:\/\/skisolution360.com\/blog\/#website","url":"https:\/\/skisolution360.com\/blog\/","name":"Ski Solution 360 - Blog","description":"Software todo en uno para tu estaci\u00f3n de esqu\u00ed","publisher":{"@id":"https:\/\/skisolution360.com\/blog\/#organization"},"alternateName":"Ski Solution 360","potentialAction":[{"@type":"SearchAction","target":{"@type":"EntryPoint","urlTemplate":"https:\/\/skisolution360.com\/blog\/?s={search_term_string}"},"query-input":{"@type":"PropertyValueSpecification","valueRequired":true,"valueName":"search_term_string"}}],"inLanguage":"es"},{"@type":"Organization","@id":"https:\/\/skisolution360.com\/blog\/#organization","name":"Ski Solution 360 - Blog","url":"https:\/\/skisolution360.com\/blog\/","logo":{"@type":"ImageObject","inLanguage":"es","@id":"https:\/\/skisolution360.com\/blog\/#\/schema\/logo\/image\/","url":"https:\/\/skisolution360.com\/blog\/wp-content\/uploads\/2025\/09\/LOGOTIPO_SKI_SOLUTION360_CORPORATIVO_POSITIVO-scaled.png","contentUrl":"https:\/\/skisolution360.com\/blog\/wp-content\/uploads\/2025\/09\/LOGOTIPO_SKI_SOLUTION360_CORPORATIVO_POSITIVO-scaled.png","width":2560,"height":540,"caption":"Ski Solution 360 - Blog"},"image":{"@id":"https:\/\/skisolution360.com\/blog\/#\/schema\/logo\/image\/"}}]}},"_links":{"self":[{"href":"https:\/\/skisolution360.com\/blog\/wp-json\/wp\/v2\/pages\/61","targetHints":{"allow":["GET"]}}],"collection":[{"href":"https:\/\/skisolution360.com\/blog\/wp-json\/wp\/v2\/pages"}],"about":[{"href":"https:\/\/skisolution360.com\/blog\/wp-json\/wp\/v2\/types\/page"}],"author":[{"embeddable":true,"href":"https:\/\/skisolution360.com\/blog\/wp-json\/wp\/v2\/users\/1"}],"replies":[{"embeddable":true,"href":"https:\/\/skisolution360.com\/blog\/wp-json\/wp\/v2\/comments?post=61"}],"version-history":[{"count":13,"href":"https:\/\/skisolution360.com\/blog\/wp-json\/wp\/v2\/pages\/61\/revisions"}],"predecessor-version":[{"id":161,"href":"https:\/\/skisolution360.com\/blog\/wp-json\/wp\/v2\/pages\/61\/revisions\/161"}],"wp:attachment":[{"href":"https:\/\/skisolution360.com\/blog\/wp-json\/wp\/v2\/media?parent=61"}],"curies":[{"name":"wp","href":"https:\/\/api.w.org\/{rel}","templated":true}]}}